{"id":391,"date":"2023-03-26T11:45:14","date_gmt":"2023-03-26T09:45:14","guid":{"rendered":"https:\/\/lacourneuve-paris.mitropolia.eu\/?page_id=391"},"modified":"2023-03-26T12:06:37","modified_gmt":"2023-03-26T10:06:37","slug":"parohia-ortodoxa-la-courneuve","status":"publish","type":"page","link":"https:\/\/lacourneuve-paris.mitropolia.eu\/","title":{"rendered":"Maintenance du site en cours"},"content":{"rendered":"<p>Le site a rencontr\u00e9 des probl\u00e8mes techniques, nous mettons tout en oeuvre pour le remettre \u00e0 nouveau !<\/p>\n","protected":false},"excerpt":{"rendered":"<p>Le site a rencontr\u00e9 des probl\u00e8mes techniques, nous mettons tout en oeuvre pour le remettre \u00e0 nouveau !<\/p>\n","protected":false},"author":1,"featured_media":0,"parent":0,"menu_order":0,"comment_status":"closed","ping_status":"closed","template":"","meta":[],"_links":{"self":[{"href":"https:\/\/lacourneuve-paris.mitropolia.eu\/index.php\/wp-json\/wp\/v2\/pages\/391"}],"collection":[{"href":"https:\/\/lacourneuve-paris.mitropolia.eu\/index.php\/wp-json\/wp\/v2\/pages"}],"about":[{"href":"https:\/\/lacourneuve-paris.mitropolia.eu\/index.php\/wp-json\/wp\/v2\/types\/page"}],"author":[{"embeddable":true,"href":"https:\/\/lacourneuve-paris.mitropolia.eu\/index.php\/wp-json\/wp\/v2\/users\/1"}],"replies":[{"embeddable":true,"href":"https:\/\/lacourneuve-paris.mitropolia.eu\/index.php\/wp-json\/wp\/v2\/comments?post=391"}],"version-history":[{"count":3,"href":"https:\/\/lacourneuve-paris.mitropolia.eu\/index.php\/wp-json\/wp\/v2\/pages\/391\/revisions"}],"predecessor-version":[{"id":397,"href":"https:\/\/lacourneuve-paris.mitropolia.eu\/index.php\/wp-json\/wp\/v2\/pages\/391\/revisions\/397"}],"wp:attachment":[{"href":"https:\/\/lacourneuve-paris.mitropolia.eu\/index.php\/wp-json\/wp\/v2\/media?parent=391"}],"curies":[{"name":"wp","href":"https:\/\/api.w.org\/{rel}","templated":true}]}}